{"id":24,"date":"2021-02-01T14:07:36","date_gmt":"2021-02-01T13:07:36","guid":{"rendered":"http:\/\/caeba.tech\/?page_id=24"},"modified":"2025-06-24T08:27:42","modified_gmt":"2025-06-24T06:27:42","slug":"qui-sommes-nous","status":"publish","type":"page","link":"https:\/\/caeba.tech\/","title":{"rendered":"Assistance Maitrise d&#8217;Ouvrage, Expertise et Maitrise d\u2019\u0153uvre B\u00e2timent"},"content":{"rendered":"<p>21 Rue Jean Rostand, 91400 Orsay, France<br \/>contact@caeba.fr<\/p>\n<p>&nbsp;<\/p>\n\n\n<p><\/p>\n","protected":false},"excerpt":{"rendered":"<p>21 Rue Jean Rostand, 91400 Orsay, Francecontact@caeba.fr &nbsp;<\/p>\n","protected":false},"author":1,"featured_media":704,"parent":0,"menu_order":0,"comment_status":"closed","ping_status":"closed","template":"","meta":{"footnotes":""},"class_list":["post-24","page","type-page","status-publish","has-post-thumbnail","hentry"],"yoast_head":"<!-- This site is optimized with the Yoast SEO plugin v27.4 - https:\/\/yoast.com\/product\/yoast-seo-wordpress\/ -->\n<title>Caeba Tech<\/title>\n<meta name=\"description\" content=\"Caeba est un bureau d\u2019\u00e9tude et de conseil sp\u00e9cialis\u00e9 en laboratoires, installations techniques et b\u00e2timents tertiaires.\" \/>\n<meta name=\"robots\" content=\"index, follow, max-snippet:-1, max-image-preview:large, max-video-preview:-1\" \/>\n<link rel=\"canonical\" href=\"https:\/\/caeba.tech\/\" \/>\n<meta property=\"og:locale\" content=\"en_US\" \/>\n<meta property=\"og:type\" content=\"article\" \/>\n<meta property=\"og:title\" content=\"Caeba Tech\" \/>\n<meta property=\"og:description\" content=\"Caeba est un bureau d\u2019\u00e9tude et de conseil sp\u00e9cialis\u00e9 en laboratoires, installations techniques et b\u00e2timents tertiaires.\" \/>\n<meta property=\"og:url\" content=\"https:\/\/caeba.tech\/\" \/>\n<meta property=\"og:site_name\" content=\"Caeba Tech\" \/>\n<meta property=\"article:modified_time\" content=\"2025-06-24T06:27:42+00:00\" \/>\n<meta property=\"og:image\" content=\"https:\/\/caeba.tech\/wp-content\/uploads\/2021\/02\/cropped-cropped-cropped-logo-caeba-fond-vert-584x600-1-1.png\" \/>\n\t<meta property=\"og:image:width\" content=\"512\" \/>\n\t<meta property=\"og:image:height\" content=\"512\" \/>\n\t<meta property=\"og:image:type\" content=\"image\/png\" \/>\n<meta name=\"twitter:card\" content=\"summary_large_image\" \/>\n<meta name=\"twitter:label1\" content=\"Est. reading time\" \/>\n\t<meta name=\"twitter:data1\" content=\"1 minute\" \/>\n<script type=\"application\/ld+json\" class=\"yoast-schema-graph\">{\"@context\":\"https:\\\/\\\/schema.org\",\"@graph\":[{\"@type\":\"WebPage\",\"@id\":\"https:\\\/\\\/caeba.tech\\\/\",\"url\":\"https:\\\/\\\/caeba.tech\\\/\",\"name\":\"Caeba Tech\",\"isPartOf\":{\"@id\":\"https:\\\/\\\/caeba.tech\\\/#website\"},\"primaryImageOfPage\":{\"@id\":\"https:\\\/\\\/caeba.tech\\\/#primaryimage\"},\"image\":{\"@id\":\"https:\\\/\\\/caeba.tech\\\/#primaryimage\"},\"thumbnailUrl\":\"https:\\\/\\\/caeba.tech\\\/wp-content\\\/uploads\\\/2021\\\/02\\\/cropped-cropped-cropped-logo-caeba-fond-vert-584x600-1-1.png\",\"datePublished\":\"2021-02-01T13:07:36+00:00\",\"dateModified\":\"2025-06-24T06:27:42+00:00\",\"description\":\"Caeba est un bureau d\u2019\u00e9tude et de conseil sp\u00e9cialis\u00e9 en laboratoires, installations techniques et b\u00e2timents tertiaires.\",\"breadcrumb\":{\"@id\":\"https:\\\/\\\/caeba.tech\\\/#breadcrumb\"},\"inLanguage\":\"en-US\",\"potentialAction\":[{\"@type\":\"ReadAction\",\"target\":[\"https:\\\/\\\/caeba.tech\\\/\"]}]},{\"@type\":\"ImageObject\",\"inLanguage\":\"en-US\",\"@id\":\"https:\\\/\\\/caeba.tech\\\/#primaryimage\",\"url\":\"https:\\\/\\\/caeba.tech\\\/wp-content\\\/uploads\\\/2021\\\/02\\\/cropped-cropped-cropped-logo-caeba-fond-vert-584x600-1-1.png\",\"contentUrl\":\"https:\\\/\\\/caeba.tech\\\/wp-content\\\/uploads\\\/2021\\\/02\\\/cropped-cropped-cropped-logo-caeba-fond-vert-584x600-1-1.png\",\"width\":512,\"height\":512},{\"@type\":\"BreadcrumbList\",\"@id\":\"https:\\\/\\\/caeba.tech\\\/#breadcrumb\",\"itemListElement\":[{\"@type\":\"ListItem\",\"position\":1,\"name\":\"Accueil\",\"item\":\"https:\\\/\\\/caeba.tech\\\/\"},{\"@type\":\"ListItem\",\"position\":2,\"name\":\"Assistance Maitrise d&#8217;Ouvrage, Expertise et Maitrise d\u2019\u0153uvre B\u00e2timent\"}]},{\"@type\":\"WebSite\",\"@id\":\"https:\\\/\\\/caeba.tech\\\/#website\",\"url\":\"https:\\\/\\\/caeba.tech\\\/\",\"name\":\"Caeba Tech\",\"description\":\"Conseil Assistance et Ing\u00e9nierie du B\u00e2timent\",\"publisher\":{\"@id\":\"https:\\\/\\\/caeba.tech\\\/#organization\"},\"potentialAction\":[{\"@type\":\"SearchAction\",\"target\":{\"@type\":\"EntryPoint\",\"urlTemplate\":\"https:\\\/\\\/caeba.tech\\\/?s={search_term_string}\"},\"query-input\":{\"@type\":\"PropertyValueSpecification\",\"valueRequired\":true,\"valueName\":\"search_term_string\"}}],\"inLanguage\":\"en-US\"},{\"@type\":\"Organization\",\"@id\":\"https:\\\/\\\/caeba.tech\\\/#organization\",\"name\":\"Caeba Tech\",\"url\":\"https:\\\/\\\/caeba.tech\\\/\",\"logo\":{\"@type\":\"ImageObject\",\"inLanguage\":\"en-US\",\"@id\":\"https:\\\/\\\/caeba.tech\\\/#\\\/schema\\\/logo\\\/image\\\/\",\"url\":\"https:\\\/\\\/caeba.tech\\\/wp-content\\\/uploads\\\/2021\\\/02\\\/cropped-cropped-logo-caeba-vert-fin-horizontal-transparent-4350x1216-1-scaled-1.gif\",\"contentUrl\":\"https:\\\/\\\/caeba.tech\\\/wp-content\\\/uploads\\\/2021\\\/02\\\/cropped-cropped-logo-caeba-vert-fin-horizontal-transparent-4350x1216-1-scaled-1.gif\",\"width\":2560,\"height\":716,\"caption\":\"Caeba Tech\"},\"image\":{\"@id\":\"https:\\\/\\\/caeba.tech\\\/#\\\/schema\\\/logo\\\/image\\\/\"}}]}<\/script>\n<!-- \/ Yoast SEO plugin. -->","yoast_head_json":{"title":"Caeba Tech","description":"Caeba est un bureau d\u2019\u00e9tude et de conseil sp\u00e9cialis\u00e9 en laboratoires, installations techniques et b\u00e2timents tertiaires.","robots":{"index":"index","follow":"follow","max-snippet":"max-snippet:-1","max-image-preview":"max-image-preview:large","max-video-preview":"max-video-preview:-1"},"canonical":"https:\/\/caeba.tech\/","og_locale":"en_US","og_type":"article","og_title":"Caeba Tech","og_description":"Caeba est un bureau d\u2019\u00e9tude et de conseil sp\u00e9cialis\u00e9 en laboratoires, installations techniques et b\u00e2timents tertiaires.","og_url":"https:\/\/caeba.tech\/","og_site_name":"Caeba Tech","article_modified_time":"2025-06-24T06:27:42+00:00","og_image":[{"width":512,"height":512,"url":"https:\/\/caeba.tech\/wp-content\/uploads\/2021\/02\/cropped-cropped-cropped-logo-caeba-fond-vert-584x600-1-1.png","type":"image\/png"}],"twitter_card":"summary_large_image","twitter_misc":{"Est. reading time":"1 minute"},"schema":{"@context":"https:\/\/schema.org","@graph":[{"@type":"WebPage","@id":"https:\/\/caeba.tech\/","url":"https:\/\/caeba.tech\/","name":"Caeba Tech","isPartOf":{"@id":"https:\/\/caeba.tech\/#website"},"primaryImageOfPage":{"@id":"https:\/\/caeba.tech\/#primaryimage"},"image":{"@id":"https:\/\/caeba.tech\/#primaryimage"},"thumbnailUrl":"https:\/\/caeba.tech\/wp-content\/uploads\/2021\/02\/cropped-cropped-cropped-logo-caeba-fond-vert-584x600-1-1.png","datePublished":"2021-02-01T13:07:36+00:00","dateModified":"2025-06-24T06:27:42+00:00","description":"Caeba est un bureau d\u2019\u00e9tude et de conseil sp\u00e9cialis\u00e9 en laboratoires, installations techniques et b\u00e2timents tertiaires.","breadcrumb":{"@id":"https:\/\/caeba.tech\/#breadcrumb"},"inLanguage":"en-US","potentialAction":[{"@type":"ReadAction","target":["https:\/\/caeba.tech\/"]}]},{"@type":"ImageObject","inLanguage":"en-US","@id":"https:\/\/caeba.tech\/#primaryimage","url":"https:\/\/caeba.tech\/wp-content\/uploads\/2021\/02\/cropped-cropped-cropped-logo-caeba-fond-vert-584x600-1-1.png","contentUrl":"https:\/\/caeba.tech\/wp-content\/uploads\/2021\/02\/cropped-cropped-cropped-logo-caeba-fond-vert-584x600-1-1.png","width":512,"height":512},{"@type":"BreadcrumbList","@id":"https:\/\/caeba.tech\/#breadcrumb","itemListElement":[{"@type":"ListItem","position":1,"name":"Accueil","item":"https:\/\/caeba.tech\/"},{"@type":"ListItem","position":2,"name":"Assistance Maitrise d&#8217;Ouvrage, Expertise et Maitrise d\u2019\u0153uvre B\u00e2timent"}]},{"@type":"WebSite","@id":"https:\/\/caeba.tech\/#website","url":"https:\/\/caeba.tech\/","name":"Caeba Tech","description":"Conseil Assistance et Ing\u00e9nierie du B\u00e2timent","publisher":{"@id":"https:\/\/caeba.tech\/#organization"},"potentialAction":[{"@type":"SearchAction","target":{"@type":"EntryPoint","urlTemplate":"https:\/\/caeba.tech\/?s={search_term_string}"},"query-input":{"@type":"PropertyValueSpecification","valueRequired":true,"valueName":"search_term_string"}}],"inLanguage":"en-US"},{"@type":"Organization","@id":"https:\/\/caeba.tech\/#organization","name":"Caeba Tech","url":"https:\/\/caeba.tech\/","logo":{"@type":"ImageObject","inLanguage":"en-US","@id":"https:\/\/caeba.tech\/#\/schema\/logo\/image\/","url":"https:\/\/caeba.tech\/wp-content\/uploads\/2021\/02\/cropped-cropped-logo-caeba-vert-fin-horizontal-transparent-4350x1216-1-scaled-1.gif","contentUrl":"https:\/\/caeba.tech\/wp-content\/uploads\/2021\/02\/cropped-cropped-logo-caeba-vert-fin-horizontal-transparent-4350x1216-1-scaled-1.gif","width":2560,"height":716,"caption":"Caeba Tech"},"image":{"@id":"https:\/\/caeba.tech\/#\/schema\/logo\/image\/"}}]}},"_links":{"self":[{"href":"https:\/\/caeba.tech\/index.php\/wp-json\/wp\/v2\/pages\/24","targetHints":{"allow":["GET"]}}],"collection":[{"href":"https:\/\/caeba.tech\/index.php\/wp-json\/wp\/v2\/pages"}],"about":[{"href":"https:\/\/caeba.tech\/index.php\/wp-json\/wp\/v2\/types\/page"}],"author":[{"embeddable":true,"href":"https:\/\/caeba.tech\/index.php\/wp-json\/wp\/v2\/users\/1"}],"replies":[{"embeddable":true,"href":"https:\/\/caeba.tech\/index.php\/wp-json\/wp\/v2\/comments?post=24"}],"version-history":[{"count":1100,"href":"https:\/\/caeba.tech\/index.php\/wp-json\/wp\/v2\/pages\/24\/revisions"}],"predecessor-version":[{"id":3105,"href":"https:\/\/caeba.tech\/index.php\/wp-json\/wp\/v2\/pages\/24\/revisions\/3105"}],"wp:featuredmedia":[{"embeddable":true,"href":"https:\/\/caeba.tech\/index.php\/wp-json\/wp\/v2\/media\/704"}],"wp:attachment":[{"href":"https:\/\/caeba.tech\/index.php\/wp-json\/wp\/v2\/media?parent=24"}],"curies":[{"name":"wp","href":"https:\/\/api.w.org\/{rel}","templated":true}]}}